{"id":898,"date":"2020-11-29T13:19:05","date_gmt":"2020-11-29T13:19:05","guid":{"rendered":"https:\/\/www.janmorek.pl\/?page_id=898"},"modified":"2020-11-29T17:56:53","modified_gmt":"2020-11-29T17:56:53","slug":"kontakt","status":"publish","type":"page","link":"https:\/\/www.janmorek.pl\/?page_id=898","title":{"rendered":"Kontakt"},"content":{"rendered":"\n<h3 class=\"has-text-align-left wp-block-heading\">Propozycje wsp\u00f3\u0142pracy oraz inne zapytania prosz\u0119 wysy\u0142a\u0107 poprzez poni\u017cszy formularz kontaktowy:<\/h3>\n\n\n\n<div class=\"wp-block-contact-form-7-contact-form-selector\">\n<div class=\"wpcf7 no-js\" id=\"wpcf7-f893-o1\" lang=\"pl-PL\" dir=\"ltr\">\n<div class=\"screen-reader-response\"><p role=\"status\" aria-live=\"polite\" aria-atomic=\"true\"><\/p> <ul><\/ul><\/div>\n<form action=\"\/index.php?rest_route=%2Fwp%2Fv2%2Fpages%2F898#wpcf7-f893-o1\" method=\"post\" class=\"wpcf7-form init\" aria-label=\"Formularz kontaktowy\" novalidate=\"novalidate\" data-status=\"init\">\n<div style=\"display: none;\">\n<input type=\"hidden\" name=\"_wpcf7\" value=\"893\" \/>\n<input type=\"hidden\" name=\"_wpcf7_version\" value=\"5.7.7\" \/>\n<input type=\"hidden\" name=\"_wpcf7_locale\" value=\"pl_PL\" \/>\n<input type=\"hidden\" name=\"_wpcf7_unit_tag\" value=\"wpcf7-f893-o1\" \/>\n<input type=\"hidden\" name=\"_wpcf7_container_post\" value=\"0\" \/>\n<input type=\"hidden\" name=\"_wpcf7_posted_data_hash\" value=\"\" \/>\n<input type=\"hidden\" name=\"_wpcf7_recaptcha_response\" value=\"\" \/>\n<\/div>\n<p><label> Tw\u00f3j e-mail<br \/>\n<span class=\"wpcf7-form-control-wrap\" data-name=\"your-email\"><input size=\"40\" class=\"wpcf7-form-control wpcf7-text wpcf7-email wpcf7-validates-as-required wpcf7-validates-as-email\" aria-required=\"true\" aria-invalid=\"false\" value=\"\" type=\"email\" name=\"your-email\" \/><\/span> <\/label>\n<\/p>\n<p><label> Tre\u015b\u0107 wiadomo\u015bci<br \/>\n<span class=\"wpcf7-form-control-wrap\" data-name=\"your-message\"><textarea cols=\"40\" rows=\"10\" class=\"wpcf7-form-control wpcf7-textarea\" aria-invalid=\"false\" name=\"your-message\"><\/textarea><\/span> <\/label>\n<\/p>\n<p><input class=\"wpcf7-form-control has-spinner wpcf7-submit\" type=\"submit\" value=\"Wy\u015blij\" \/>\n<\/p><div class=\"wpcf7-response-output\" aria-hidden=\"true\"><\/div>\n<\/form>\n<\/div>\n<\/div>\n","protected":false},"excerpt":{"rendered":"<p>Propozycje wsp\u00f3\u0142pracy oraz inne zapytania prosz\u0119 wysy\u0142a\u0107 poprzez poni\u017cszy formularz kontaktowy:<\/p>\n","protected":false},"author":1,"featured_media":0,"parent":0,"menu_order":0,"comment_status":"closed","ping_status":"closed","template":"","meta":{"ngg_post_thumbnail":0,"footnotes":""},"class_list":["post-898","page","type-page","status-publish","hentry"],"yoast_head":"<!-- This site is optimized with the Yoast SEO plugin v24.5 - https:\/\/yoast.com\/wordpress\/plugins\/seo\/ -->\n<title>Kontakt - Jan Morek<\/title>\n<meta name=\"robots\" content=\"index, follow, max-snippet:-1, max-image-preview:large, max-video-preview:-1\" \/>\n<link rel=\"canonical\" href=\"https:\/\/www.janmorek.pl\/?page_id=898\" \/>\n<meta property=\"og:locale\" content=\"pl_PL\" \/>\n<meta property=\"og:type\" content=\"article\" \/>\n<meta property=\"og:title\" content=\"Kontakt - Jan Morek\" \/>\n<meta property=\"og:description\" content=\"Propozycje wsp\u00f3\u0142pracy oraz inne zapytania prosz\u0119 wysy\u0142a\u0107 poprzez poni\u017cszy formularz kontaktowy:\" \/>\n<meta property=\"og:url\" content=\"https:\/\/www.janmorek.pl\/?page_id=898\" \/>\n<meta property=\"og:site_name\" content=\"Jan Morek\" \/>\n<meta property=\"article:modified_time\" content=\"2020-11-29T17:56:53+00:00\" \/>\n<meta name=\"twitter:card\" content=\"summary_large_image\" \/>\n<script type=\"application\/ld+json\" class=\"yoast-schema-graph\">{\"@context\":\"https:\/\/schema.org\",\"@graph\":[{\"@type\":\"WebPage\",\"@id\":\"https:\/\/www.janmorek.pl\/?page_id=898\",\"url\":\"https:\/\/www.janmorek.pl\/?page_id=898\",\"name\":\"Kontakt - Jan Morek\",\"isPartOf\":{\"@id\":\"https:\/\/www.janmorek.pl\/#website\"},\"datePublished\":\"2020-11-29T13:19:05+00:00\",\"dateModified\":\"2020-11-29T17:56:53+00:00\",\"breadcrumb\":{\"@id\":\"https:\/\/www.janmorek.pl\/?page_id=898#breadcrumb\"},\"inLanguage\":\"pl-PL\",\"potentialAction\":[{\"@type\":\"ReadAction\",\"target\":[\"https:\/\/www.janmorek.pl\/?page_id=898\"]}]},{\"@type\":\"BreadcrumbList\",\"@id\":\"https:\/\/www.janmorek.pl\/?page_id=898#breadcrumb\",\"itemListElement\":[{\"@type\":\"ListItem\",\"position\":1,\"name\":\"Strona g\u0142\u00f3wna\",\"item\":\"https:\/\/www.janmorek.pl\/\"},{\"@type\":\"ListItem\",\"position\":2,\"name\":\"Kontakt\"}]},{\"@type\":\"WebSite\",\"@id\":\"https:\/\/www.janmorek.pl\/#website\",\"url\":\"https:\/\/www.janmorek.pl\/\",\"name\":\"Jan Morek\",\"description\":\"Fotografie PRL - strona autorska\",\"potentialAction\":[{\"@type\":\"SearchAction\",\"target\":{\"@type\":\"EntryPoint\",\"urlTemplate\":\"https:\/\/www.janmorek.pl\/?s={search_term_string}\"},\"query-input\":{\"@type\":\"PropertyValueSpecification\",\"valueRequired\":true,\"valueName\":\"search_term_string\"}}],\"inLanguage\":\"pl-PL\"}]}<\/script>\n<!-- \/ Yoast SEO plugin. -->","yoast_head_json":{"title":"Kontakt - Jan Morek","robots":{"index":"index","follow":"follow","max-snippet":"max-snippet:-1","max-image-preview":"max-image-preview:large","max-video-preview":"max-video-preview:-1"},"canonical":"https:\/\/www.janmorek.pl\/?page_id=898","og_locale":"pl_PL","og_type":"article","og_title":"Kontakt - Jan Morek","og_description":"Propozycje wsp\u00f3\u0142pracy oraz inne zapytania prosz\u0119 wysy\u0142a\u0107 poprzez poni\u017cszy formularz kontaktowy:","og_url":"https:\/\/www.janmorek.pl\/?page_id=898","og_site_name":"Jan Morek","article_modified_time":"2020-11-29T17:56:53+00:00","twitter_card":"summary_large_image","schema":{"@context":"https:\/\/schema.org","@graph":[{"@type":"WebPage","@id":"https:\/\/www.janmorek.pl\/?page_id=898","url":"https:\/\/www.janmorek.pl\/?page_id=898","name":"Kontakt - Jan Morek","isPartOf":{"@id":"https:\/\/www.janmorek.pl\/#website"},"datePublished":"2020-11-29T13:19:05+00:00","dateModified":"2020-11-29T17:56:53+00:00","breadcrumb":{"@id":"https:\/\/www.janmorek.pl\/?page_id=898#breadcrumb"},"inLanguage":"pl-PL","potentialAction":[{"@type":"ReadAction","target":["https:\/\/www.janmorek.pl\/?page_id=898"]}]},{"@type":"BreadcrumbList","@id":"https:\/\/www.janmorek.pl\/?page_id=898#breadcrumb","itemListElement":[{"@type":"ListItem","position":1,"name":"Strona g\u0142\u00f3wna","item":"https:\/\/www.janmorek.pl\/"},{"@type":"ListItem","position":2,"name":"Kontakt"}]},{"@type":"WebSite","@id":"https:\/\/www.janmorek.pl\/#website","url":"https:\/\/www.janmorek.pl\/","name":"Jan Morek","description":"Fotografie PRL - strona autorska","potentialAction":[{"@type":"SearchAction","target":{"@type":"EntryPoint","urlTemplate":"https:\/\/www.janmorek.pl\/?s={search_term_string}"},"query-input":{"@type":"PropertyValueSpecification","valueRequired":true,"valueName":"search_term_string"}}],"inLanguage":"pl-PL"}]}},"_links":{"self":[{"href":"https:\/\/www.janmorek.pl\/index.php?rest_route=\/wp\/v2\/pages\/898","targetHints":{"allow":["GET"]}}],"collection":[{"href":"https:\/\/www.janmorek.pl\/index.php?rest_route=\/wp\/v2\/pages"}],"about":[{"href":"https:\/\/www.janmorek.pl\/index.php?rest_route=\/wp\/v2\/types\/page"}],"author":[{"embeddable":true,"href":"https:\/\/www.janmorek.pl\/index.php?rest_route=\/wp\/v2\/users\/1"}],"replies":[{"embeddable":true,"href":"https:\/\/www.janmorek.pl\/index.php?rest_route=%2Fwp%2Fv2%2Fcomments&post=898"}],"version-history":[{"count":9,"href":"https:\/\/www.janmorek.pl\/index.php?rest_route=\/wp\/v2\/pages\/898\/revisions"}],"predecessor-version":[{"id":932,"href":"https:\/\/www.janmorek.pl\/index.php?rest_route=\/wp\/v2\/pages\/898\/revisions\/932"}],"wp:attachment":[{"href":"https:\/\/www.janmorek.pl\/index.php?rest_route=%2Fwp%2Fv2%2Fmedia&parent=898"}],"curies":[{"name":"wp","href":"https:\/\/api.w.org\/{rel}","templated":true}]}}