{"id":317,"date":"2020-02-02T21:28:25","date_gmt":"2020-02-02T21:28:25","guid":{"rendered":"https:\/\/www.janmorek.pl\/?page_id=317"},"modified":"2020-11-29T13:16:24","modified_gmt":"2020-11-29T13:16:24","slug":"test","status":"publish","type":"page","link":"https:\/\/www.janmorek.pl\/?page_id=317","title":{"rendered":"O mnie"},"content":{"rendered":"\n<div class=\"wp-block-image\"><figure class=\"alignleft size-large is-resized\"><img loading=\"lazy\" decoding=\"async\" src=\"https:\/\/www.janmorek.pl\/wp-content\/uploads\/2020\/02\/02-1.jpg\" alt=\"\" class=\"wp-image-795\" width=\"229\" height=\"306\" srcset=\"https:\/\/www.janmorek.pl\/wp-content\/uploads\/2020\/02\/02-1.jpg 374w, https:\/\/www.janmorek.pl\/wp-content\/uploads\/2020\/02\/02-1-224x300.jpg 224w, https:\/\/www.janmorek.pl\/wp-content\/uploads\/2020\/02\/02-1-157x210.jpg 157w\" sizes=\"auto, (max-width: 229px) 100vw, 229px\" \/><figcaption>fot. Grzegorz Rogi\u0144ski<\/figcaption><\/figure><\/div>\n\n\n\n<p><\/p>\n\n\n\n<p>Zosta\u0142em fotoreporterem tu\u017c po studiach (socjologia, UW), jeszcze za czas\u00f3w Gomu\u0142ki. Jako zaawansowany fotoamator miewa\u0142em kontakty z zawodowcami z tej dziedziny, a ich niezale\u017cno\u015b\u0107 i samodzielno\u015b\u0107 imponowa\u0142a mi bardzo. Jedyn\u0105 znan\u0105 w\u00f3wczas form\u0105 zatrudnienia by\u0142 etat, zupe\u0142nie odwrotnie ni\u017c teraz, kiedy fotoreporter funkcjonuje prawie zawsze na warunkach tzw. \u201esamozatrudnienia.\u201d Uda\u0142o mi si\u0119 przepracowa\u0107 27 lat stale w tej samej instytucji, kt\u00f3ra najpierw nazywa\u0142a si\u0119 \u201eWydawnictwo Polonia\u201d, potem \u201eAgencja Interpress\u201d, a\u017c wreszcie nied\u0142ugo po 1989 roku zmieni\u0142a ca\u0142kowicie profil i zaniecha\u0142a dzia\u0142alno\u015bci prasowej.<br><\/p>\n\n\n\n<p><\/p>\n\n\n\n<div class=\"wp-block-image\"><figure class=\"alignright size-large is-resized\"><img loading=\"lazy\" decoding=\"async\" src=\"https:\/\/www.janmorek.pl\/wp-content\/uploads\/2020\/02\/03-1.jpg\" alt=\"\" class=\"wp-image-796\" width=\"227\" height=\"304\" srcset=\"https:\/\/www.janmorek.pl\/wp-content\/uploads\/2020\/02\/03-1.jpg 373w, https:\/\/www.janmorek.pl\/wp-content\/uploads\/2020\/02\/03-1-224x300.jpg 224w, https:\/\/www.janmorek.pl\/wp-content\/uploads\/2020\/02\/03-1-157x210.jpg 157w\" sizes=\"auto, (max-width: 227px) 100vw, 227px\" \/><figcaption>fot. Wojciech Kry\u0144ski<\/figcaption><\/figure><\/div>\n\n\n\n<p>Zanim to si\u0119 sta\u0142o stara\u0142em si\u0119 zasila\u0107 swoimi zdj\u0119ciami wewn\u0119trzne wydawnictwo Agencji. W 1980 roku, nied\u0142ugo przed Sierpniem ukaza\u0142a si\u0119 moja pierwsza ksi\u0105\u017cka&nbsp;<a href=\"https:\/\/www.janmorek.pl\/?cat=41\"><strong>\u201ePolska na co dzie\u0144\u201d<\/strong><\/a>&nbsp;&#8211; z tekstem Andrzeja Krzysztofa Wr\u00f3blewskiego. Album wydano w 6-ciu wersjach j\u0119zykowych i w gigantycznym jak na dzisiejsze czasy nak\u0142adzie 80 000 egzemplarzy. Zaproponowa\u0142em ukazanie rzetelnego obrazu \u017cycia w PRL-u, kt\u00f3ry by zanegowa\u0142 zagraniczne stereotypy o nied\u017awiedziach na ulicach polskich miast. P\u00f3\u017aniej potraktowa\u0142em serio w\u0142asne za\u0142o\u017cenie, i umie\u015bci\u0142em m.in. kilka w\u0105tk\u00f3w dotycz\u0105cych Ko\u015bcio\u0142a i spraw \u017cycia religijnego. Zestawi\u0142em np. na s\u0105siednich stronach t\u0105 sam\u0105 par\u0119, kt\u00f3ra bierze najpierw \u015blub cywilny, a potem ko\u015bcielny, by\u0142o te\u017c zdj\u0119cie z procesji na Bo\u017ce Cia\u0142o, a przygodni ludzie mieli na szyjach medaliki z krzy\u017cem.<\/p>\n\n\n\n<p><\/p>\n\n\n\n<div class=\"wp-block-image\"><figure class=\"alignleft size-large is-resized\"><img loading=\"lazy\" decoding=\"async\" src=\"https:\/\/www.janmorek.pl\/wp-content\/uploads\/2020\/02\/04-1.jpg\" alt=\"\" class=\"wp-image-797\" width=\"210\" height=\"296\" srcset=\"https:\/\/www.janmorek.pl\/wp-content\/uploads\/2020\/02\/04-1.jpg 355w, https:\/\/www.janmorek.pl\/wp-content\/uploads\/2020\/02\/04-1-213x300.jpg 213w, https:\/\/www.janmorek.pl\/wp-content\/uploads\/2020\/02\/04-1-149x210.jpg 149w\" sizes=\"auto, (max-width: 210px) 100vw, 210px\" \/><figcaption>fot. nn<\/figcaption><\/figure><\/div>\n\n\n\n<p>Trudno w to teraz uwierzy\u0107, ale ksi\u0105\u017cka posz\u0142a do druku bez cenzury, pewnie dlatego, \u017ce kto\u015b wa\u017cny nie ogl\u0105daj\u0105c zdj\u0119\u0107 (a by\u0142y to&nbsp; niewygodne do analizy ma\u0142e diapozytywy ) zaproponowa\u0142 j\u0105 jako gratisowy za\u0142\u0105cznik do teczek dla delegat\u00f3w na Zjazd PZPR. Kolejne instancje widocznie zak\u0142ada\u0142y, \u017ce album \u201ena Zjazd\u201d z definicji musi zawiera\u0107 wy\u0142\u0105cznie prawomy\u015blne tre\u015bci. Jednak nie zawiera\u0142, delegaci nie dostali ksi\u0105\u017cki, a ca\u0142y 10-tysi\u0119czny nak\u0142ad w j\u0119zyku rosyjskim prosto z drukarni pojecha\u0142 na przemia\u0142.<\/p>\n\n\n\n<p><\/p>\n\n\n\n<p><\/p>\n\n\n\n<div class=\"wp-block-image\"><figure class=\"alignright size-large is-resized\"><img loading=\"lazy\" decoding=\"async\" src=\"https:\/\/www.janmorek.pl\/wp-content\/uploads\/2020\/02\/05-1.jpg\" alt=\"\" class=\"wp-image-798\" width=\"235\" height=\"314\" srcset=\"https:\/\/www.janmorek.pl\/wp-content\/uploads\/2020\/02\/05-1.jpg 374w, https:\/\/www.janmorek.pl\/wp-content\/uploads\/2020\/02\/05-1-224x300.jpg 224w, https:\/\/www.janmorek.pl\/wp-content\/uploads\/2020\/02\/05-1-157x210.jpg 157w\" sizes=\"auto, (max-width: 235px) 100vw, 235px\" \/><figcaption>fot. nn<\/figcaption><\/figure><\/div>\n\n\n\n<p><\/p>\n\n\n\n<p>W dziedzinie technologii fotograficznej by\u0142a to zupe\u0142nie inna epoka, fotografia barwna do cel\u00f3w publikacji musia\u0142a by\u0107 wykonywana wy\u0142\u0105cznie na diapozytywach, i to co najmniej \u015brednioformatowych, a te by\u0142y cz\u0119sto bezpowrotnie niszczone w procesie druku przez beztroskich \u201etowarzyszy sztuki drukarskiej\u201d. Ponadto pocz\u0105tkowo przyj\u0119\u0142o si\u0119, ze nabywca kupowa\u0142 fotografi\u0119 wraz z no\u015bnikiem, czyli celuloidem, na kt\u00f3rym by\u0142a wykonana. P\u0142aci\u0142 relatywnie du\u017co wi\u0119cej ni\u017c teraz, ale autor traci\u0142 swoje dzie\u0142o na zawsze. Z&nbsp;\u201ePolski na co dzie\u0144\u201duda\u0142o mi si\u0119 cudem odzyska\u0107 zaledwie&nbsp;<a href=\"https:\/\/www.janmorek.pl\/?cat=41\"><strong>kilkana\u015bcie zdj\u0119\u0107<\/strong><\/a>.<\/p>\n\n\n\n<div class=\"wp-block-image\"><figure class=\"alignleft size-large is-resized\"><img loading=\"lazy\" decoding=\"async\" src=\"https:\/\/www.janmorek.pl\/wp-content\/uploads\/2020\/02\/06-1.jpg\" alt=\"\" class=\"wp-image-799\" width=\"218\" height=\"294\" srcset=\"https:\/\/www.janmorek.pl\/wp-content\/uploads\/2020\/02\/06-1.jpg 370w, https:\/\/www.janmorek.pl\/wp-content\/uploads\/2020\/02\/06-1-222x300.jpg 222w, https:\/\/www.janmorek.pl\/wp-content\/uploads\/2020\/02\/06-1-155x210.jpg 155w\" sizes=\"auto, (max-width: 218px) 100vw, 218px\" \/><figcaption>fot. nn<\/figcaption><\/figure><\/div>\n\n\n\n<p>Pracowa\u0142em wi\u0119c w prasie, czyli w propagandzie, jednak surowe oko Wydzia\u0142u Prasy KC PZPR rzadko dogl\u0105da\u0142o pracy fotoreporter\u00f3w. W\u0142adza ludowa nie interesowa\u0142a si\u0119 fotoreporterami, lekcewa\u017cy\u0142a ich prac\u0119, i przez ten ca\u0142y okres uda\u0142o mi si\u0119 ograniczy\u0107 uczestnictwo w \u017cyciu politycznym PRL-u do cz\u0142onkostwa w \u015bci\u015ble zawodowych instytucjach jak Zwi\u0105zek Polskich Artyst\u00f3w Fotografik\u00f3w, czy ZAiKS.<\/p>\n\n\n\n<div class=\"wp-block-image\"><figure class=\"alignright size-large is-resized\"><img loading=\"lazy\" decoding=\"async\" src=\"https:\/\/www.janmorek.pl\/wp-content\/uploads\/2020\/02\/fot.-Marek-Straszewski-1.jpg\" alt=\"\" class=\"wp-image-874\" width=\"246\" height=\"329\" srcset=\"https:\/\/www.janmorek.pl\/wp-content\/uploads\/2020\/02\/fot.-Marek-Straszewski-1.jpg 505w, https:\/\/www.janmorek.pl\/wp-content\/uploads\/2020\/02\/fot.-Marek-Straszewski-1-225x300.jpg 225w, https:\/\/www.janmorek.pl\/wp-content\/uploads\/2020\/02\/fot.-Marek-Straszewski-1-157x210.jpg 157w\" sizes=\"auto, (max-width: 246px) 100vw, 246px\" \/><figcaption>fot. Marek Straszewski<\/figcaption><\/figure><\/div>\n\n\n\n<p>Po kilku latach zapomniano o skandalu z \u201ePolsk\u0105 na co dzie\u0144\u201d, i wtedy wyda\u0142em \u201eWarszaw\u0119\u201d, te\u017c w wielu wersjach j\u0119zykowych i wielkim nak\u0142adzie, a nast\u0119pnie przygotowa\u0142em do wydania obszerny album \u201ePolska\u201d, ju\u017c bez dra\u017cliwych w\u0105tk\u00f3w, g\u0142\u00f3wnie o architekturze, zabytkach i krajobrazie. Wtedy jednak &#8211; na pocz\u0105tku okresu gospodarki rynkowej &#8211; Interpress ju\u017c dogorywa\u0142, i sprzedano prywatnemu wydawcy ca\u0142y gotowy materia\u0142, \u0142\u0105cznie z tekstem wybitnego pisarza, opracowaniem graficznym i tym nieszcz\u0119snym celuloidem, na kt\u00f3rym by\u0142y moje zdj\u0119cia. Wydawca \u00f3w, kupiwszy gotow\u0105 ksi\u0105\u017ck\u0119 za znikomy u\u0142amek rzeczywistych koszt\u00f3w powstania zdj\u0119\u0107, skwapliwie wykorzysta\u0142 okazj\u0119, i w ci\u0105gu nast\u0119pnych kilku lat wyda\u0142 a\u017c czterna\u015bcie 5-cio tysi\u0119cznych nak\u0142ad\u00f3w.<\/p>\n\n\n\n<div class=\"wp-block-image\"><figure class=\"alignleft size-large is-resized\"><img loading=\"lazy\" decoding=\"async\" src=\"https:\/\/www.janmorek.pl\/wp-content\/uploads\/2020\/11\/thumbnail_Fotografie-z-PRL-u-okladka.jpg\" alt=\"\" class=\"wp-image-896\" width=\"250\" height=\"320\" srcset=\"https:\/\/www.janmorek.pl\/wp-content\/uploads\/2020\/11\/thumbnail_Fotografie-z-PRL-u-okladka.jpg 221w, https:\/\/www.janmorek.pl\/wp-content\/uploads\/2020\/11\/thumbnail_Fotografie-z-PRL-u-okladka-164x210.jpg 164w\" sizes=\"auto, (max-width: 250px) 100vw, 250px\" \/><\/figure><\/div>\n\n\n\n<p>Po okresie Interpressu wyda\u0142em jeszcze&nbsp;<a href=\"https:\/\/www.janmorek.pl\/?cat=137\"><strong>sze\u015b\u0107 innych album\u00f3w<\/strong><\/a>, g\u0142\u00f3wnie w Wydawnictwie Artystycznym i Filmowym. By\u0142a to m.in. ca\u0142kowicie nowa wersja \u201ePOLSKI \u201d, i kilka pozycji dotycz\u0105cych Warszawy. Ostatnio moje najstarsze zdj\u0119cia wyda\u0142 BOSZ w albumie \u201e<strong>Fotografie z PRL-<\/strong>u\u201d z tekstem Macieja Rybi\u0144skiego. I takie stare zdj\u0119cia tutaj pokazane wydaj\u0105 mi si\u0119 najciekawsze, patrz\u0105c z perspektywy up\u0142ywaj\u0105cego czasu.<\/p>\n","protected":false},"excerpt":{"rendered":"<p>Zosta\u0142em fotoreporterem tu\u017c po studiach (socjologia, UW), jeszcze za czas\u00f3w Gomu\u0142ki. Jako zaawansowany fotoamator miewa\u0142em kontakty z zawodowcami z tej dziedziny, a ich niezale\u017cno\u015b\u0107 i samodzielno\u015b\u0107 imponowa\u0142a mi bardzo. Jedyn\u0105 znan\u0105 w\u00f3wczas form\u0105 zatrudnienia by\u0142 etat, zupe\u0142nie odwrotnie ni\u017c teraz, kiedy fotoreporter funkcjonuje prawie zawsze na warunkach tzw. \u201esamozatrudnienia.\u201d Uda\u0142o mi si\u0119 przepracowa\u0107 27 lat [&hellip;]<\/p>\n","protected":false},"author":1,"featured_media":0,"parent":0,"menu_order":0,"comment_status":"closed","ping_status":"closed","template":"","meta":{"ngg_post_thumbnail":0,"footnotes":""},"class_list":["post-317","page","type-page","status-publish","hentry"],"yoast_head":"<!-- This site is optimized with the Yoast SEO plugin v24.5 - https:\/\/yoast.com\/wordpress\/plugins\/seo\/ -->\n<title>O mnie - Jan Morek<\/title>\n<meta name=\"robots\" content=\"index, follow, max-snippet:-1, max-image-preview:large, max-video-preview:-1\" \/>\n<link rel=\"canonical\" href=\"https:\/\/www.janmorek.pl\/?page_id=317\" \/>\n<meta property=\"og:locale\" content=\"pl_PL\" \/>\n<meta property=\"og:type\" content=\"article\" \/>\n<meta property=\"og:title\" content=\"O mnie - Jan Morek\" \/>\n<meta property=\"og:description\" content=\"Zosta\u0142em fotoreporterem tu\u017c po studiach (socjologia, UW), jeszcze za czas\u00f3w Gomu\u0142ki. Jako zaawansowany fotoamator miewa\u0142em kontakty z zawodowcami z tej dziedziny, a ich niezale\u017cno\u015b\u0107 i samodzielno\u015b\u0107 imponowa\u0142a mi bardzo. Jedyn\u0105 znan\u0105 w\u00f3wczas form\u0105 zatrudnienia by\u0142 etat, zupe\u0142nie odwrotnie ni\u017c teraz, kiedy fotoreporter funkcjonuje prawie zawsze na warunkach tzw. \u201esamozatrudnienia.\u201d Uda\u0142o mi si\u0119 przepracowa\u0107 27 lat [&hellip;]\" \/>\n<meta property=\"og:url\" content=\"https:\/\/www.janmorek.pl\/?page_id=317\" \/>\n<meta property=\"og:site_name\" content=\"Jan Morek\" \/>\n<meta property=\"article:modified_time\" content=\"2020-11-29T13:16:24+00:00\" \/>\n<meta property=\"og:image\" content=\"https:\/\/www.janmorek.pl\/wp-content\/uploads\/2020\/02\/02-1.jpg\" \/>\n<meta name=\"twitter:card\" content=\"summary_large_image\" \/>\n<meta name=\"twitter:label1\" content=\"Szacowany czas czytania\" \/>\n\t<meta name=\"twitter:data1\" content=\"4 minuty\" \/>\n<script type=\"application\/ld+json\" class=\"yoast-schema-graph\">{\"@context\":\"https:\/\/schema.org\",\"@graph\":[{\"@type\":\"WebPage\",\"@id\":\"https:\/\/www.janmorek.pl\/?page_id=317\",\"url\":\"https:\/\/www.janmorek.pl\/?page_id=317\",\"name\":\"O mnie - Jan Morek\",\"isPartOf\":{\"@id\":\"https:\/\/www.janmorek.pl\/#website\"},\"primaryImageOfPage\":{\"@id\":\"https:\/\/www.janmorek.pl\/?page_id=317#primaryimage\"},\"image\":{\"@id\":\"https:\/\/www.janmorek.pl\/?page_id=317#primaryimage\"},\"thumbnailUrl\":\"https:\/\/www.janmorek.pl\/wp-content\/uploads\/2020\/02\/02-1.jpg\",\"datePublished\":\"2020-02-02T21:28:25+00:00\",\"dateModified\":\"2020-11-29T13:16:24+00:00\",\"breadcrumb\":{\"@id\":\"https:\/\/www.janmorek.pl\/?page_id=317#breadcrumb\"},\"inLanguage\":\"pl-PL\",\"potentialAction\":[{\"@type\":\"ReadAction\",\"target\":[\"https:\/\/www.janmorek.pl\/?page_id=317\"]}]},{\"@type\":\"ImageObject\",\"inLanguage\":\"pl-PL\",\"@id\":\"https:\/\/www.janmorek.pl\/?page_id=317#primaryimage\",\"url\":\"https:\/\/www.janmorek.pl\/wp-content\/uploads\/2020\/02\/02-1.jpg\",\"contentUrl\":\"https:\/\/www.janmorek.pl\/wp-content\/uploads\/2020\/02\/02-1.jpg\",\"width\":374,\"height\":500},{\"@type\":\"BreadcrumbList\",\"@id\":\"https:\/\/www.janmorek.pl\/?page_id=317#breadcrumb\",\"itemListElement\":[{\"@type\":\"ListItem\",\"position\":1,\"name\":\"Strona g\u0142\u00f3wna\",\"item\":\"https:\/\/www.janmorek.pl\/\"},{\"@type\":\"ListItem\",\"position\":2,\"name\":\"O mnie\"}]},{\"@type\":\"WebSite\",\"@id\":\"https:\/\/www.janmorek.pl\/#website\",\"url\":\"https:\/\/www.janmorek.pl\/\",\"name\":\"Jan Morek\",\"description\":\"Fotografie PRL - strona autorska\",\"potentialAction\":[{\"@type\":\"SearchAction\",\"target\":{\"@type\":\"EntryPoint\",\"urlTemplate\":\"https:\/\/www.janmorek.pl\/?s={search_term_string}\"},\"query-input\":{\"@type\":\"PropertyValueSpecification\",\"valueRequired\":true,\"valueName\":\"search_term_string\"}}],\"inLanguage\":\"pl-PL\"}]}<\/script>\n<!-- \/ Yoast SEO plugin. -->","yoast_head_json":{"title":"O mnie - Jan Morek","robots":{"index":"index","follow":"follow","max-snippet":"max-snippet:-1","max-image-preview":"max-image-preview:large","max-video-preview":"max-video-preview:-1"},"canonical":"https:\/\/www.janmorek.pl\/?page_id=317","og_locale":"pl_PL","og_type":"article","og_title":"O mnie - Jan Morek","og_description":"Zosta\u0142em fotoreporterem tu\u017c po studiach (socjologia, UW), jeszcze za czas\u00f3w Gomu\u0142ki. Jako zaawansowany fotoamator miewa\u0142em kontakty z zawodowcami z tej dziedziny, a ich niezale\u017cno\u015b\u0107 i samodzielno\u015b\u0107 imponowa\u0142a mi bardzo. Jedyn\u0105 znan\u0105 w\u00f3wczas form\u0105 zatrudnienia by\u0142 etat, zupe\u0142nie odwrotnie ni\u017c teraz, kiedy fotoreporter funkcjonuje prawie zawsze na warunkach tzw. \u201esamozatrudnienia.\u201d Uda\u0142o mi si\u0119 przepracowa\u0107 27 lat [&hellip;]","og_url":"https:\/\/www.janmorek.pl\/?page_id=317","og_site_name":"Jan Morek","article_modified_time":"2020-11-29T13:16:24+00:00","og_image":[{"url":"https:\/\/www.janmorek.pl\/wp-content\/uploads\/2020\/02\/02-1.jpg","type":"","width":"","height":""}],"twitter_card":"summary_large_image","twitter_misc":{"Szacowany czas czytania":"4 minuty"},"schema":{"@context":"https:\/\/schema.org","@graph":[{"@type":"WebPage","@id":"https:\/\/www.janmorek.pl\/?page_id=317","url":"https:\/\/www.janmorek.pl\/?page_id=317","name":"O mnie - Jan Morek","isPartOf":{"@id":"https:\/\/www.janmorek.pl\/#website"},"primaryImageOfPage":{"@id":"https:\/\/www.janmorek.pl\/?page_id=317#primaryimage"},"image":{"@id":"https:\/\/www.janmorek.pl\/?page_id=317#primaryimage"},"thumbnailUrl":"https:\/\/www.janmorek.pl\/wp-content\/uploads\/2020\/02\/02-1.jpg","datePublished":"2020-02-02T21:28:25+00:00","dateModified":"2020-11-29T13:16:24+00:00","breadcrumb":{"@id":"https:\/\/www.janmorek.pl\/?page_id=317#breadcrumb"},"inLanguage":"pl-PL","potentialAction":[{"@type":"ReadAction","target":["https:\/\/www.janmorek.pl\/?page_id=317"]}]},{"@type":"ImageObject","inLanguage":"pl-PL","@id":"https:\/\/www.janmorek.pl\/?page_id=317#primaryimage","url":"https:\/\/www.janmorek.pl\/wp-content\/uploads\/2020\/02\/02-1.jpg","contentUrl":"https:\/\/www.janmorek.pl\/wp-content\/uploads\/2020\/02\/02-1.jpg","width":374,"height":500},{"@type":"BreadcrumbList","@id":"https:\/\/www.janmorek.pl\/?page_id=317#breadcrumb","itemListElement":[{"@type":"ListItem","position":1,"name":"Strona g\u0142\u00f3wna","item":"https:\/\/www.janmorek.pl\/"},{"@type":"ListItem","position":2,"name":"O mnie"}]},{"@type":"WebSite","@id":"https:\/\/www.janmorek.pl\/#website","url":"https:\/\/www.janmorek.pl\/","name":"Jan Morek","description":"Fotografie PRL - strona autorska","potentialAction":[{"@type":"SearchAction","target":{"@type":"EntryPoint","urlTemplate":"https:\/\/www.janmorek.pl\/?s={search_term_string}"},"query-input":{"@type":"PropertyValueSpecification","valueRequired":true,"valueName":"search_term_string"}}],"inLanguage":"pl-PL"}]}},"_links":{"self":[{"href":"https:\/\/www.janmorek.pl\/index.php?rest_route=\/wp\/v2\/pages\/317","targetHints":{"allow":["GET"]}}],"collection":[{"href":"https:\/\/www.janmorek.pl\/index.php?rest_route=\/wp\/v2\/pages"}],"about":[{"href":"https:\/\/www.janmorek.pl\/index.php?rest_route=\/wp\/v2\/types\/page"}],"author":[{"embeddable":true,"href":"https:\/\/www.janmorek.pl\/index.php?rest_route=\/wp\/v2\/users\/1"}],"replies":[{"embeddable":true,"href":"https:\/\/www.janmorek.pl\/index.php?rest_route=%2Fwp%2Fv2%2Fcomments&post=317"}],"version-history":[{"count":11,"href":"https:\/\/www.janmorek.pl\/index.php?rest_route=\/wp\/v2\/pages\/317\/revisions"}],"predecessor-version":[{"id":897,"href":"https:\/\/www.janmorek.pl\/index.php?rest_route=\/wp\/v2\/pages\/317\/revisions\/897"}],"wp:attachment":[{"href":"https:\/\/www.janmorek.pl\/index.php?rest_route=%2Fwp%2Fv2%2Fmedia&parent=317"}],"curies":[{"name":"wp","href":"https:\/\/api.w.org\/{rel}","templated":true}]}}